{"id":25,"date":"2017-01-02T16:25:07","date_gmt":"2017-01-02T15:25:07","guid":{"rendered":"http:\/\/dasgefairt.de\/wordpress\/?page_id=25"},"modified":"2023-10-30T11:20:40","modified_gmt":"2023-10-30T10:20:40","slug":"labelinfos","status":"publish","type":"page","link":"https:\/\/das-gefairt.de\/?page_id=25","title":{"rendered":"Labelinfos"},"content":{"rendered":"<div class=\"wp-block-image\">\n<figure class=\"alignleft is-resized\"><img loading=\"lazy\" src=\"https:\/\/d353r0i7qv3gvw.cloudfront.net\/38\/28338\/stage-mobile\/7036978.jpg\" alt=\"https:\/\/d353r0i7qv3gvw.cloudfront.net\/38\/28338\/stage-mobile\/7036978.jpg\" width=\"114\" height=\"114\"\/><\/figure><\/div>\n\n\n<p class=\"has-text-align-right\">goodsociety produziert vor allem Jeans und verbindet dabei Fashion und nachhaltigen Lifestyle: stilvolles Design und premium organic Produkte.<br>goodsociety will Mode so denken, dass die Welt und ihre Menschen im Mittelpunkt stehen. Produziert wird in Italien. Die gesamte Kette ist GOTS-zertifiziert und es werden verschiedene soziale Projekte gesponsort.<\/p>\n\n\n\n<p><\/p>\n\n\n<div class=\"wp-block-image\">\n<figure class=\"alignleft\"><a href=\"http:\/\/www.grundstoff.net\/hempage-m-51.html\"><img src=\"http:\/\/www.grundstoff.net\/images\/logo_hempage.gif\" alt=\"Alle Artikel von HempAge\" title=\" Alle Artikel von HempAge \"\/><\/a><\/figure><\/div>\n\n\n<p class=\"has-text-align-right\">Die HempAge AG produziert hochwertige Kleidung und Accessoires aus Hanffasern und Bio-Baumwolle. Hanf steht im Mittelpunkt und dient bei HempAge als Hauptbestandteil der verschiedenen Stoffe. Je nach Art und Beschaffenheit kommt zertifizierte Bio-Baumwolle f\u00fcr die Verwendung im Mischgewebe, in Verbindung mit Hanf, hinzu. Hanf \u00fcberzeugt als Rohstoff f\u00fcr Kleidung und besticht durch viele positive Eigenschaften. Hanf ist robust, w\u00e4chst schnell und ben\u00f6tigt wenig Wasser. Der starke Geruch der Pflanzen h\u00e4lt tierische Parasiten fern, sodass im Hanfanbau keinerlei Pestizide und Herbizide eingesetzt werden m\u00fcssen.<\/p>\n\n\n\n<p class=\"has-text-align-right\">HempAge ist Mitglied der <a class=\"specialLinkHell\" href=\"http:\/\/www.fairwear.org\/\" target=\"_blank\" rel=\"noopener noreferrer\">Fair Wear Foundation (FWF)<\/a> und im <a class=\"specialLinkHell\" href=\"http:\/\/www.naturtextil.de\/verbraucher\/qualitaetszeichen\/best.html\" target=\"_blank\" rel=\"noopener noreferrer\">\u00bbInternationalen Verband der Naturtextilwirtschaft e. V. (IVN)\u00ab<\/a><\/p>\n\n\n<div class=\"wp-block-image\">\n<figure class=\"alignleft is-resized\"><img loading=\"lazy\" src=\"https:\/\/static.wixstatic.com\/media\/817a45_e52f2633f21846d1ab6f1eece076cc2b.png\/v1\/fill\/w_548,h_186,al_c,lg_1\/817a45_e52f2633f21846d1ab6f1eece076cc2b.png\" alt=\"https:\/\/static.wixstatic.com\/media\/817a45_e52f2633f21846d1ab6f1eece076cc2b.png\/v1\/fill\/w_548,h_186,al_c,lg_1\/817a45_e52f2633f21846d1ab6f1eece076cc2b.png\" width=\"355\" height=\"120\"\/><\/figure><\/div>\n\n\n<p class=\"has-text-align-right\"><br>Greenbomb verbindet Fashion mit Nachhaltigkeit, Qualit\u00e4t und Fairness. Faire L\u00f6hne und Arbeitsbedingungen sowie eine umweltfreundliche Produktion ist selbstverst\u00e4ndlich. So entsteht Mode f\u00fcr den Alltag, die sich gut anf\u00fchlt. Produziert wird in Polen, bedruckt in Deutschland.<br>Die ganze Kette ist GOTS-zertifiziert. Greenbomb hat eine Weltladen-Zulassung.<\/p>\n\n\n\n<figure class=\"wp-block-image\"><img loading=\"lazy\" width=\"140\" height=\"46\" src=\"http:\/\/dasgefairt.de\/wp-content\/uploads\/2022\/04\/Melagmail03-21.png\" alt=\"\" class=\"wp-image-1433\"\/><\/figure>\n\n\n\n<p>MELA l\u00e4sst in Indien und Sri-Lanke produzieren. Zu ihren Produzenten pflegen sie ein partnerschaftliches, freundschaftliches Verh\u00e4ltnis und besuchen ihre Produktionsst\u00e4tten regelm\u00e4\u00dfig. Vom Anbau der Bio-Baumwolle bis zum fertigen Textil finden alle Produktionsschritte in Indien bzw. Sri-Lanka statt. So bleibt die Wertsch\u00f6pfung in dem Land. Nebenbei sind dann auch noch die Transportwege kurz, was \u00f6kologisch sinnvoll ist.<br>Alle Mela-Produkte erf\u00fcllen den Fair-trade-Textil-Standard. Trotz der hohen Standards sind die Produkte vergleichsweise g\u00fcnstig. So wird nachhaltige Mode allen zug\u00e4nglich.<\/p>\n\n\n\n<p><\/p>\n\n\n<div class=\"wp-block-image\">\n<figure class=\"alignleft\"><img loading=\"lazy\" width=\"300\" height=\"68\" src=\"http:\/\/dasgefairt.de\/wp-content\/uploads\/2017\/01\/logomadness-300x68.jpg\" alt=\"\" class=\"wp-image-276\" srcset=\"https:\/\/das-gefairt.de\/wp-content\/uploads\/2017\/01\/logomadness-300x68.jpg 300w, https:\/\/das-gefairt.de\/wp-content\/uploads\/2017\/01\/logomadness.jpg 373w\" sizes=\"(max-width: 300px) 100vw, 300px\" \/><\/figure><\/div>\n\n\n<p><\/p>\n\n\n\n<p>Madness engagiert sich f\u00fcr echte Nachhaltigkeit in der gesamten Lieferkette. Sie sind Gots-zertifiziert und unterst\u00fctzen soziale Projekte. Au\u00dferdem sind sie Mitglied der Fair-wear-foundation und haben eine Weltladen-Zulassung.<br>Um den Verbraucher \u00fcber nachhaltige Kleidung aufzukl\u00e4ren unterst\u00fctzt MADNESS die Schweizer Organisation &#8222;GET CHANGED&#8220; (<a rel=\"noopener noreferrer\" href=\"http:\/\/www.getchanged.net\" target=\"_blank\">www.getchanged.net<\/a>).<\/p>\n\n\n\n<p><\/p>\n\n\n<div class=\"wp-block-image\">\n<figure class=\"alignleft\"><img loading=\"lazy\" width=\"300\" height=\"166\" src=\"http:\/\/dasgefairt.de\/wp-content\/uploads\/2020\/06\/Global-Mamas-Logotaglinecombo-300x166.jpg\" alt=\"\" class=\"wp-image-977\" srcset=\"https:\/\/das-gefairt.de\/wp-content\/uploads\/2020\/06\/Global-Mamas-Logotaglinecombo-300x166.jpg 300w, https:\/\/das-gefairt.de\/wp-content\/uploads\/2020\/06\/Global-Mamas-Logotaglinecombo-768x424.jpg 768w, https:\/\/das-gefairt.de\/wp-content\/uploads\/2020\/06\/Global-Mamas-Logotaglinecombo-1024x566.jpg 1024w\" sizes=\"(max-width: 300px) 100vw, 300px\" \/><\/figure><\/div>\n\n\n<p>Global Mamas ist eine Nichtregierungsorganisation in Ghana. Dort bauen sie zur Zeit die erste Fairhandelszone Afrikas auf, die Vorbild und Anschauungsort f\u00fcr \u00e4hnliche Projekte sein soll. Heimtextilien, Kleidung und Kunsthandwerk werden produziert, N\u00e4her*innen ausgebildet, die Kinder in einer Kita versorgt. Die Frauen werden in allen Belangen gef\u00f6rdert und k\u00f6nnen von ihrem Gehalt gut leben. Im Schnitt verdienen sie 34% mehr als der Durchschnitt der sehr armen Bev\u00f6lkerung Ghanas. Die Baumwolle ist GOTS-zertifiziert, und sie sind Mitglied in der Fair-trade-federation.<\/p>\n\n\n<div class=\"wp-block-image\">\n<figure class=\"alignleft\"><img loading=\"lazy\" width=\"300\" height=\"82\" src=\"http:\/\/dasgefairt.de\/wp-content\/uploads\/2020\/06\/Inverlo_Logo_s-300x82.jpg\" alt=\"\" class=\"wp-image-979\" srcset=\"https:\/\/das-gefairt.de\/wp-content\/uploads\/2020\/06\/Inverlo_Logo_s-300x82.jpg 300w, https:\/\/das-gefairt.de\/wp-content\/uploads\/2020\/06\/Inverlo_Logo_s.jpg 350w\" sizes=\"(max-width: 300px) 100vw, 300px\" \/><\/figure><\/div>\n\n\n<p class=\"has-text-align-right\">Invero produziert aus italienischer Merinowolle in Schleswig-Holstein hochwertige Strickwaren und arbeitet nach dem hochen Standard der iVN (i<span class=\"st\">nternationaler Verband der Naturtextilwirtschaft). Im Herbst\/Winter gibt es im Gefairt wundersch\u00f6ne Damenpullover von ihnen.<\/span><\/p>\n\n\n\n<div class=\"wp-block-media-text alignwide is-stacked-on-mobile\"><figure class=\"wp-block-media-text__media\"><img loading=\"lazy\" width=\"300\" height=\"212\" src=\"http:\/\/dasgefairt.de\/wp-content\/uploads\/2020\/06\/Logo_Feuervogl-300x212.jpg\" alt=\"\" class=\"wp-image-981 size-full\" srcset=\"https:\/\/das-gefairt.de\/wp-content\/uploads\/2020\/06\/Logo_Feuervogl-300x212.jpg 300w, https:\/\/das-gefairt.de\/wp-content\/uploads\/2020\/06\/Logo_Feuervogl-768x543.jpg 768w, https:\/\/das-gefairt.de\/wp-content\/uploads\/2020\/06\/Logo_Feuervogl-1024x724.jpg 1024w, https:\/\/das-gefairt.de\/wp-content\/uploads\/2020\/06\/Logo_Feuervogl.jpg 1527w\" sizes=\"(max-width: 300px) 100vw, 300px\" \/><\/figure><div class=\"wp-block-media-text__content\">\n<p>GOTS-zertifizierte Jeans, Baumwolle aus der T\u00fcrkei, Produktion in Polen.<br>Nachhaltigkeit ist f\u00fcr uns selbstverst\u00e4ndlich, deshalb ist die gesamte Herstellungskette nachweislich vollstufig GOTS-zertifiziert und zwar vom Oberstoff \u00fcber den Produktionsbetrieb, die W\u00e4scherei bis hin zum Vertriebsb\u00fcro.<\/p>\n<\/div><\/div>\n\n\n\n<p><\/p>\n\n\n\n<p><\/p>\n\n\n\n<p><\/p>\n\n\n<div class=\"wp-block-image is-style-default\">\n<figure class=\"alignleft is-resized\"><img loading=\"lazy\" src=\"http:\/\/dasgefairt.de\/wp-content\/uploads\/2021\/05\/Grooten-Thal-300x300.jpg\" alt=\"\" class=\"wp-image-1193\" width=\"237\" height=\"237\" srcset=\"https:\/\/das-gefairt.de\/wp-content\/uploads\/2021\/05\/Grooten-Thal-300x300.jpg 300w, https:\/\/das-gefairt.de\/wp-content\/uploads\/2021\/05\/Grooten-Thal-150x150.jpg 150w, https:\/\/das-gefairt.de\/wp-content\/uploads\/2021\/05\/Grooten-Thal-768x768.jpg 768w, https:\/\/das-gefairt.de\/wp-content\/uploads\/2021\/05\/Grooten-Thal-1024x1024.jpg 1024w, https:\/\/das-gefairt.de\/wp-content\/uploads\/2021\/05\/Grooten-Thal-180x180.jpg 180w, https:\/\/das-gefairt.de\/wp-content\/uploads\/2021\/05\/Grooten-Thal-600x600.jpg 600w, https:\/\/das-gefairt.de\/wp-content\/uploads\/2021\/05\/Grooten-Thal-500x500.jpg 500w, https:\/\/das-gefairt.de\/wp-content\/uploads\/2021\/05\/Grooten-Thal.jpg 1181w\" sizes=\"(max-width: 237px) 100vw, 237px\" \/><\/figure><\/div>\n\n\n<p class=\"has-text-align-left\">F\u00fcr nachhaltige, ausgefallene, hochwertige und in Deutschland produzierte Natur- und \u00d6komode steht die Marke Grooten Thal.<br>In ihrem Ausbildungsbetrieb in W\u00fcrselen produziert Sabine Grooten-Thal wundersch\u00f6ne &#8222;tragbare Kunstwerke&#8220; aus biozertifizierten Naturstoffen.<\/p>\n","protected":false},"excerpt":{"rendered":"<p>goodsociety produziert vor allem Jeans und verbindet dabei Fashion und nachhaltigen Lifestyle: stilvolles Design und premium organic Produkte.goodsociety will Mode so denken, dass die Welt und ihre Menschen im Mittelpunkt stehen. Produziert wird in Italien. Die gesamte Kette ist GOTS-zertifiziert und es werden verschiedene soziale Projekte gesponsort. Die HempAge AG produziert hochwertige Kleidung und Accessoires [&hellip;]<\/p>\n","protected":false},"author":1,"featured_media":0,"parent":0,"menu_order":0,"comment_status":"closed","ping_status":"closed","template":"","meta":[],"_links":{"self":[{"href":"https:\/\/das-gefairt.de\/index.php?rest_route=\/wp\/v2\/pages\/25"}],"collection":[{"href":"https:\/\/das-gefairt.de\/index.php?rest_route=\/wp\/v2\/pages"}],"about":[{"href":"https:\/\/das-gefairt.de\/index.php?rest_route=\/wp\/v2\/types\/page"}],"author":[{"embeddable":true,"href":"https:\/\/das-gefairt.de\/index.php?rest_route=\/wp\/v2\/users\/1"}],"replies":[{"embeddable":true,"href":"https:\/\/das-gefairt.de\/index.php?rest_route=%2Fwp%2Fv2%2Fcomments&post=25"}],"version-history":[{"count":28,"href":"https:\/\/das-gefairt.de\/index.php?rest_route=\/wp\/v2\/pages\/25\/revisions"}],"predecessor-version":[{"id":1843,"href":"https:\/\/das-gefairt.de\/index.php?rest_route=\/wp\/v2\/pages\/25\/revisions\/1843"}],"wp:attachment":[{"href":"https:\/\/das-gefairt.de\/index.php?rest_route=%2Fwp%2Fv2%2Fmedia&parent=25"}],"curies":[{"name":"wp","href":"https:\/\/api.w.org\/{rel}","templated":true}]}}